{"id":34,"date":"2026-04-03T11:25:06","date_gmt":"2026-04-03T04:25:06","guid":{"rendered":"https:\/\/vangbacrachdua.123websitedev.com\/?post_type=product&#038;p=34"},"modified":"2026-04-17T12:48:26","modified_gmt":"2026-04-17T05:48:26","slug":"day-chuyen-vang-trang-dinh-da-005","status":"publish","type":"product","link":"https:\/\/vangbacrachdua.com\/en\/product\/white-gold-necklace-with-gemstone-005\/","title":{"rendered":"White gold necklace with gemstones 005"},"content":{"rendered":"<p data-start=\"168\" data-end=\"497\">This white gold necklace with gemstones is the perfect blend of refined beauty and modern style, giving the wearer an elegant yet striking appearance. Crafted from high-quality white gold, its polished surface creates a luxurious metallic effect when combined with meticulously set sparkling gemstones.<p data-start=\"499\" data-end=\"799\">This necklace features a minimalist yet sophisticated design, suitable for a variety of fashion styles \u2013 from elegant office wear to glamorous party attire. The main highlight is the pendant, adorned with high-quality gemstones that reflect light brilliantly, enhancing its feminine and captivating beauty.<\/p><p data-start=\"801\" data-end=\"1037\">More than just a piece of jewelry, a white gold necklace with gemstones is a symbol of sophistication and refined taste. It&#039;s also an ideal gift choice for special occasions like birthdays, anniversaries, or important holidays.<\/p><h2 data-section-id=\"8stbot\" data-start=\"1044\" data-end=\"1066\">\ud83d\udc8e Key Features<\/h2><ul data-start=\"1067\" data-end=\"1303\">\n<li data-section-id=\"10wvquf\" data-start=\"1067\" data-end=\"1123\">Made of high-quality white gold, durable and long-lasting.<\/li>\n<li data-section-id=\"uxy7dp\" data-start=\"1124\" data-end=\"1173\">Exquisitely embellished with rhinestones, enhancing the sparkle and attractiveness.<\/li>\n<li data-section-id=\"ggsvmi\" data-start=\"1174\" data-end=\"1209\">Elegant design, easy to match with other clothes.<\/li>\n<li data-section-id=\"14jvip\" data-start=\"1210\" data-end=\"1256\">Suitable for many occasions: work, parties, dates<\/li>\n<li data-section-id=\"17591ll\" data-start=\"1257\" data-end=\"1303\">A meaningful gift for loved ones.<\/li>\n<\/ul><\/p>","protected":false},"excerpt":{"rendered":"<p>D&acirc;y chuy&#7873;n v&agrave;ng tr&#7855;ng &#273;&iacute;nh &#273;&aacute; l&agrave; s&#7921; k&#7871;t h&#7907;p ho&agrave;n h&#7843;o gi&#7919;a v&#7867; &#273;&#7865;p tinh t&#7871; v&agrave; phong c&aacute;ch hi&#7879;n &#273;&#7841;i, mang &#273;&#7871;n cho ng&#432;&#7901;i &#273;eo m&#7897;t di&#7879;n m&#7841;o thanh l&#7883;ch nh&#432;ng kh&ocirc;ng k&eacute;m ph&#7847;n n&#7893;i b&#7853;t. S&#7843;n ph&#7849;m &#273;&#432;&#7907;c ch&#7871; t&aacute;c t&#7915; v&agrave;ng tr&#7855;ng cao c&#7845;p, b&#7873; m&#7863;t s&aacute;ng b&oacute;ng, t&#7841;o hi&#7879;u &#7913;ng [&hellip;]<\/p>","protected":false},"featured_media":33,"template":"","meta":[],"product_brand":[],"product_cat":[55,28,17,57,47,31,49,21,62,52,64,54,27,56,46,30,18,20,50,61,51,63,45,29,19,60,53,26,44,59,34,25,43,58,35,24,48,36,38,42],"product_tag":[],"class_list":{"0":"post-34","1":"product","2":"type-product","3":"status-publish","4":"has-post-thumbnail","6":"product_cat-trang-suc-vang-dong-hang-nam","7":"product_cat-lac-tay","8":"product_cat-nu","9":"product_cat-dong-hang-tre-em","10":"product_cat-hoang-gia-thuong-luu","11":"product_cat-trang-suc-vang","12":"product_cat-trang-suc-nam","13":"product_cat-dong-hang","14":"product_cat-lac-tay-trang-suc-tre-em","15":"product_cat-day-chuyen-trang-suc-nam","16":"product_cat-trang-suc-vang-dong-hang-tre-em","17":"product_cat-trang-suc-bac-dong-hang-nam","18":"product_cat-lac-chan","19":"product_cat-trang-suc-tre-em","20":"product_cat-net-ngoc-a-dong","21":"product_cat-trang-suc-bac","22":"product_cat-nam","23":"product_cat-trang-suc","24":"product_cat-dong-hang-nam","25":"product_cat-lac-chan-trang-suc-tre-em","26":"product_cat-nhan-trang-suc-nam","27":"product_cat-trang-suc-bac-dong-hang-tre-em","28":"product_cat-tinh-yeu-vinh-hang","29":"product_cat-trang-suc-kim-cuong","30":"product_cat-tre-em","31":"product_cat-bong-tai-trang-suc-tre-em","32":"product_cat-trang-suc-kim-cuong-dong-hang-nam","33":"product_cat-bong-tai","34":"product_cat-da-khuc-kim-cuong","35":"product_cat-day-chuyen-trang-suc-tre-em","36":"product_cat-vang-tich-tru","37":"product_cat-mat-day-chuyen","38":"product_cat-anh-kim-vinh-cuu","39":"product_cat-vong-tay-trang-suc-tre-em","40":"product_cat-bac-tich-tru","41":"product_cat-day-chuyen","42":"product_cat-qua-tang-tinh-te","43":"product_cat-hang-qua-tang","44":"product_cat-khuyen-mai","45":"product_cat-bo-suu-tap","47":"first","48":"instock","49":"shipping-taxable","50":"purchasable","51":"product-type-simple"},"yoast_head":"<!-- This site is optimized with the Yoast SEO Premium plugin v24.8 (Yoast SEO v24.8) - https:\/\/yoast.com\/wordpress\/plugins\/seo\/ -->\n<title>D\u00e2y chuy\u1ec1n v\u00e0ng tr\u1eafng \u0111\u00ednh \u0111\u00e1 005 - Trang S\u1ee9c V\u00e0ng B\u1ea1c R\u1ea1ch D\u1eeba<\/title>\n<meta name=\"robots\" content=\"index, follow, max-snippet:-1, max-image-preview:large, max-video-preview:-1\" \/>\n<link rel=\"canonical\" href=\"https:\/\/vangbacrachdua.com\/en\/product\/white-gold-necklace-with-gemstone-005\/\" \/>\n<meta property=\"og:locale\" content=\"en_US\" \/>\n<meta property=\"og:type\" content=\"article\" \/>\n<meta property=\"og:title\" content=\"D\u00e2y chuy\u1ec1n v\u00e0ng tr\u1eafng \u0111\u00ednh \u0111\u00e1 005\" \/>\n<meta property=\"og:description\" content=\"D&acirc;y chuy&#7873;n v&agrave;ng tr&#7855;ng &#273;&iacute;nh &#273;&aacute; l&agrave; s&#7921; k&#7871;t h&#7907;p ho&agrave;n h&#7843;o gi&#7919;a v&#7867; &#273;&#7865;p tinh t&#7871; v&agrave; phong c&aacute;ch hi&#7879;n &#273;&#7841;i, mang &#273;&#7871;n cho ng&#432;&#7901;i &#273;eo m&#7897;t di&#7879;n m&#7841;o thanh l&#7883;ch nh&#432;ng kh&ocirc;ng k&eacute;m ph&#7847;n n&#7893;i b&#7853;t. S&#7843;n ph&#7849;m &#273;&#432;&#7907;c ch&#7871; t&aacute;c t&#7915; v&agrave;ng tr&#7855;ng cao c&#7845;p, b&#7873; m&#7863;t s&aacute;ng b&oacute;ng, t&#7841;o hi&#7879;u &#7913;ng [&hellip;]\" \/>\n<meta property=\"og:url\" content=\"https:\/\/vangbacrachdua.com\/en\/product\/white-gold-necklace-with-gemstone-005\/\" \/>\n<meta property=\"og:site_name\" content=\"Trang S\u1ee9c V\u00e0ng B\u1ea1c R\u1ea1ch D\u1eeba\" \/>\n<meta property=\"article:modified_time\" content=\"2026-04-17T05:48:26+00:00\" \/>\n<meta property=\"og:image\" content=\"http:\/\/vangbacrachdua.com\/wp-content\/uploads\/2026\/04\/san-pham-2.jpg\" \/>\n\t<meta property=\"og:image:width\" content=\"1920\" \/>\n\t<meta property=\"og:image:height\" content=\"1920\" \/>\n\t<meta property=\"og:image:type\" content=\"image\/jpeg\" \/>\n<meta name=\"twitter:card\" content=\"summary_large_image\" \/>\n<meta name=\"twitter:label1\" content=\"Est. reading time\" \/>\n\t<meta name=\"twitter:data1\" content=\"2 minutes\" \/>\n<script type=\"application\/ld+json\" class=\"yoast-schema-graph\">{\"@context\":\"https:\/\/schema.org\",\"@graph\":[{\"@type\":\"WebPage\",\"@id\":\"https:\/\/vangbacrachdua.com\/san-pham\/day-chuyen-vang-trang-dinh-da-005\/\",\"url\":\"https:\/\/vangbacrachdua.com\/san-pham\/day-chuyen-vang-trang-dinh-da-005\/\",\"name\":\"D\u00e2y chuy\u1ec1n v\u00e0ng tr\u1eafng \u0111\u00ednh \u0111\u00e1 005 - Trang S\u1ee9c V\u00e0ng B\u1ea1c R\u1ea1ch D\u1eeba\",\"isPartOf\":{\"@id\":\"https:\/\/vangbacrachdua.com\/#website\"},\"primaryImageOfPage\":{\"@id\":\"https:\/\/vangbacrachdua.com\/san-pham\/day-chuyen-vang-trang-dinh-da-005\/#primaryimage\"},\"image\":{\"@id\":\"https:\/\/vangbacrachdua.com\/san-pham\/day-chuyen-vang-trang-dinh-da-005\/#primaryimage\"},\"thumbnailUrl\":\"https:\/\/vangbacrachdua.com\/wp-content\/uploads\/2026\/04\/san-pham-2.jpg\",\"datePublished\":\"2026-04-03T04:25:06+00:00\",\"dateModified\":\"2026-04-17T05:48:26+00:00\",\"breadcrumb\":{\"@id\":\"https:\/\/vangbacrachdua.com\/san-pham\/day-chuyen-vang-trang-dinh-da-005\/#breadcrumb\"},\"inLanguage\":\"en-US\",\"potentialAction\":[{\"@type\":\"ReadAction\",\"target\":[\"https:\/\/vangbacrachdua.com\/san-pham\/day-chuyen-vang-trang-dinh-da-005\/\"]}]},{\"@type\":\"ImageObject\",\"inLanguage\":\"en-US\",\"@id\":\"https:\/\/vangbacrachdua.com\/san-pham\/day-chuyen-vang-trang-dinh-da-005\/#primaryimage\",\"url\":\"https:\/\/vangbacrachdua.com\/wp-content\/uploads\/2026\/04\/san-pham-2.jpg\",\"contentUrl\":\"https:\/\/vangbacrachdua.com\/wp-content\/uploads\/2026\/04\/san-pham-2.jpg\",\"width\":1920,\"height\":1920},{\"@type\":\"BreadcrumbList\",\"@id\":\"https:\/\/vangbacrachdua.com\/san-pham\/day-chuyen-vang-trang-dinh-da-005\/#breadcrumb\",\"itemListElement\":[{\"@type\":\"ListItem\",\"position\":1,\"name\":\"Home\",\"item\":\"https:\/\/vangbacrachdua.com\/\"},{\"@type\":\"ListItem\",\"position\":2,\"name\":\"C\u1eeda h\u00e0ng\",\"item\":\"https:\/\/vangbacrachdua.com\/cua-hang\/\"},{\"@type\":\"ListItem\",\"position\":3,\"name\":\"D\u00e2y chuy\u1ec1n v\u00e0ng tr\u1eafng \u0111\u00ednh \u0111\u00e1 005\"}]},{\"@type\":\"WebSite\",\"@id\":\"https:\/\/vangbacrachdua.com\/#website\",\"url\":\"https:\/\/vangbacrachdua.com\/\",\"name\":\"Trang S\u1ee9c V\u00e0ng B\u1ea1c R\u1ea1ch D\u1eeba\",\"description\":\"\",\"publisher\":{\"@id\":\"https:\/\/vangbacrachdua.com\/#organization\"},\"potentialAction\":[{\"@type\":\"SearchAction\",\"target\":{\"@type\":\"EntryPoint\",\"urlTemplate\":\"https:\/\/vangbacrachdua.com\/?s={search_term_string}\"},\"query-input\":{\"@type\":\"PropertyValueSpecification\",\"valueRequired\":true,\"valueName\":\"search_term_string\"}}],\"inLanguage\":\"en-US\"},{\"@type\":\"Organization\",\"@id\":\"https:\/\/vangbacrachdua.com\/#organization\",\"name\":\"Trang S\u1ee9c V\u00e0ng B\u1ea1c R\u1ea1ch D\u1eeba\",\"url\":\"https:\/\/vangbacrachdua.com\/\",\"logo\":{\"@type\":\"ImageObject\",\"inLanguage\":\"en-US\",\"@id\":\"https:\/\/vangbacrachdua.com\/#\/schema\/logo\/image\/\",\"url\":\"https:\/\/vangbacrachdua.com\/wp-content\/uploads\/2026\/04\/logo-vangbac-khong-nen.png\",\"contentUrl\":\"https:\/\/vangbacrachdua.com\/wp-content\/uploads\/2026\/04\/logo-vangbac-khong-nen.png\",\"width\":960,\"height\":740,\"caption\":\"Trang S\u1ee9c V\u00e0ng B\u1ea1c R\u1ea1ch D\u1eeba\"},\"image\":{\"@id\":\"https:\/\/vangbacrachdua.com\/#\/schema\/logo\/image\/\"}}]}<\/script>\n<!-- \/ Yoast SEO Premium plugin. -->","yoast_head_json":{"title":"D\u00e2y chuy\u1ec1n v\u00e0ng tr\u1eafng \u0111\u00ednh \u0111\u00e1 005 - Trang S\u1ee9c V\u00e0ng B\u1ea1c R\u1ea1ch D\u1eeba","robots":{"index":"index","follow":"follow","max-snippet":"max-snippet:-1","max-image-preview":"max-image-preview:large","max-video-preview":"max-video-preview:-1"},"canonical":"https:\/\/vangbacrachdua.com\/en\/product\/white-gold-necklace-with-gemstone-005\/","og_locale":"en_US","og_type":"article","og_title":"D\u00e2y chuy\u1ec1n v\u00e0ng tr\u1eafng \u0111\u00ednh \u0111\u00e1 005","og_description":"D&acirc;y chuy&#7873;n v&agrave;ng tr&#7855;ng &#273;&iacute;nh &#273;&aacute; l&agrave; s&#7921; k&#7871;t h&#7907;p ho&agrave;n h&#7843;o gi&#7919;a v&#7867; &#273;&#7865;p tinh t&#7871; v&agrave; phong c&aacute;ch hi&#7879;n &#273;&#7841;i, mang &#273;&#7871;n cho ng&#432;&#7901;i &#273;eo m&#7897;t di&#7879;n m&#7841;o thanh l&#7883;ch nh&#432;ng kh&ocirc;ng k&eacute;m ph&#7847;n n&#7893;i b&#7853;t. S&#7843;n ph&#7849;m &#273;&#432;&#7907;c ch&#7871; t&aacute;c t&#7915; v&agrave;ng tr&#7855;ng cao c&#7845;p, b&#7873; m&#7863;t s&aacute;ng b&oacute;ng, t&#7841;o hi&#7879;u &#7913;ng [&hellip;]","og_url":"https:\/\/vangbacrachdua.com\/en\/product\/white-gold-necklace-with-gemstone-005\/","og_site_name":"Trang S\u1ee9c V\u00e0ng B\u1ea1c R\u1ea1ch D\u1eeba","article_modified_time":"2026-04-17T05:48:26+00:00","og_image":[{"width":1920,"height":1920,"url":"http:\/\/vangbacrachdua.com\/wp-content\/uploads\/2026\/04\/san-pham-2.jpg","type":"image\/jpeg"}],"twitter_card":"summary_large_image","twitter_misc":{"Est. reading time":"2 minutes"},"schema":{"@context":"https:\/\/schema.org","@graph":[{"@type":"WebPage","@id":"https:\/\/vangbacrachdua.com\/san-pham\/day-chuyen-vang-trang-dinh-da-005\/","url":"https:\/\/vangbacrachdua.com\/san-pham\/day-chuyen-vang-trang-dinh-da-005\/","name":"D\u00e2y chuy\u1ec1n v\u00e0ng tr\u1eafng \u0111\u00ednh \u0111\u00e1 005 - Trang S\u1ee9c V\u00e0ng B\u1ea1c R\u1ea1ch D\u1eeba","isPartOf":{"@id":"https:\/\/vangbacrachdua.com\/#website"},"primaryImageOfPage":{"@id":"https:\/\/vangbacrachdua.com\/san-pham\/day-chuyen-vang-trang-dinh-da-005\/#primaryimage"},"image":{"@id":"https:\/\/vangbacrachdua.com\/san-pham\/day-chuyen-vang-trang-dinh-da-005\/#primaryimage"},"thumbnailUrl":"https:\/\/vangbacrachdua.com\/wp-content\/uploads\/2026\/04\/san-pham-2.jpg","datePublished":"2026-04-03T04:25:06+00:00","dateModified":"2026-04-17T05:48:26+00:00","breadcrumb":{"@id":"https:\/\/vangbacrachdua.com\/san-pham\/day-chuyen-vang-trang-dinh-da-005\/#breadcrumb"},"inLanguage":"en-US","potentialAction":[{"@type":"ReadAction","target":["https:\/\/vangbacrachdua.com\/san-pham\/day-chuyen-vang-trang-dinh-da-005\/"]}]},{"@type":"ImageObject","inLanguage":"en-US","@id":"https:\/\/vangbacrachdua.com\/san-pham\/day-chuyen-vang-trang-dinh-da-005\/#primaryimage","url":"https:\/\/vangbacrachdua.com\/wp-content\/uploads\/2026\/04\/san-pham-2.jpg","contentUrl":"https:\/\/vangbacrachdua.com\/wp-content\/uploads\/2026\/04\/san-pham-2.jpg","width":1920,"height":1920},{"@type":"BreadcrumbList","@id":"https:\/\/vangbacrachdua.com\/san-pham\/day-chuyen-vang-trang-dinh-da-005\/#breadcrumb","itemListElement":[{"@type":"ListItem","position":1,"name":"Home","item":"https:\/\/vangbacrachdua.com\/"},{"@type":"ListItem","position":2,"name":"C\u1eeda h\u00e0ng","item":"https:\/\/vangbacrachdua.com\/cua-hang\/"},{"@type":"ListItem","position":3,"name":"D\u00e2y chuy\u1ec1n v\u00e0ng tr\u1eafng \u0111\u00ednh \u0111\u00e1 005"}]},{"@type":"WebSite","@id":"https:\/\/vangbacrachdua.com\/#website","url":"https:\/\/vangbacrachdua.com\/","name":"Trang S\u1ee9c V\u00e0ng B\u1ea1c R\u1ea1ch D\u1eeba","description":"","publisher":{"@id":"https:\/\/vangbacrachdua.com\/#organization"},"potentialAction":[{"@type":"SearchAction","target":{"@type":"EntryPoint","urlTemplate":"https:\/\/vangbacrachdua.com\/?s={search_term_string}"},"query-input":{"@type":"PropertyValueSpecification","valueRequired":true,"valueName":"search_term_string"}}],"inLanguage":"en-US"},{"@type":"Organization","@id":"https:\/\/vangbacrachdua.com\/#organization","name":"Trang S\u1ee9c V\u00e0ng B\u1ea1c R\u1ea1ch D\u1eeba","url":"https:\/\/vangbacrachdua.com\/","logo":{"@type":"ImageObject","inLanguage":"en-US","@id":"https:\/\/vangbacrachdua.com\/#\/schema\/logo\/image\/","url":"https:\/\/vangbacrachdua.com\/wp-content\/uploads\/2026\/04\/logo-vangbac-khong-nen.png","contentUrl":"https:\/\/vangbacrachdua.com\/wp-content\/uploads\/2026\/04\/logo-vangbac-khong-nen.png","width":960,"height":740,"caption":"Trang S\u1ee9c V\u00e0ng B\u1ea1c R\u1ea1ch D\u1eeba"},"image":{"@id":"https:\/\/vangbacrachdua.com\/#\/schema\/logo\/image\/"}}]}},"_links":{"self":[{"href":"https:\/\/vangbacrachdua.com\/en\/wp-json\/wp\/v2\/product\/34","targetHints":{"allow":["GET"]}}],"collection":[{"href":"https:\/\/vangbacrachdua.com\/en\/wp-json\/wp\/v2\/product"}],"about":[{"href":"https:\/\/vangbacrachdua.com\/en\/wp-json\/wp\/v2\/types\/product"}],"wp:featuredmedia":[{"embeddable":true,"href":"https:\/\/vangbacrachdua.com\/en\/wp-json\/wp\/v2\/media\/33"}],"wp:attachment":[{"href":"https:\/\/vangbacrachdua.com\/en\/wp-json\/wp\/v2\/media?parent=34"}],"wp:term":[{"taxonomy":"product_brand","embeddable":true,"href":"https:\/\/vangbacrachdua.com\/en\/wp-json\/wp\/v2\/product_brand?post=34"},{"taxonomy":"product_cat","embeddable":true,"href":"https:\/\/vangbacrachdua.com\/en\/wp-json\/wp\/v2\/product_cat?post=34"},{"taxonomy":"product_tag","embeddable":true,"href":"https:\/\/vangbacrachdua.com\/en\/wp-json\/wp\/v2\/product_tag?post=34"}],"curies":[{"name":"wp","href":"https:\/\/api.w.org\/{rel}","templated":true}]}}