{"id":31,"date":"2026-04-03T10:13:59","date_gmt":"2026-04-03T03:13:59","guid":{"rendered":"https:\/\/vangbacrachdua.123websitedev.com\/?post_type=product&#038;p=31"},"modified":"2026-04-17T12:48:54","modified_gmt":"2026-04-17T05:48:54","slug":"day-chuyen-vang-trang-dinh-da-003","status":"publish","type":"product","link":"https:\/\/vangbacrachdua.com\/en\/product\/day-chuyen-vang-trang-dinh-da-003\/","title":{"rendered":"White gold necklace with gemstones 003"},"content":{"rendered":"","protected":false},"excerpt":{"rendered":"","protected":false},"featured_media":28,"template":"","meta":[],"product_brand":[],"product_cat":[64,55,28,17,57,47,31,49,21,62,52,63,54,27,56,46,30,18,20,50,61,51,53,26,45,29,19,60,25,44,59,34,43,58,35,24,48,36,38,42],"product_tag":[],"class_list":{"0":"post-31","1":"product","2":"type-product","3":"status-publish","4":"has-post-thumbnail","6":"product_cat-trang-suc-vang-dong-hang-tre-em","7":"product_cat-trang-suc-vang-dong-hang-nam","8":"product_cat-lac-tay","9":"product_cat-nu","10":"product_cat-dong-hang-tre-em","11":"product_cat-hoang-gia-thuong-luu","12":"product_cat-trang-suc-vang","13":"product_cat-trang-suc-nam","14":"product_cat-dong-hang","15":"product_cat-lac-tay-trang-suc-tre-em","16":"product_cat-day-chuyen-trang-suc-nam","17":"product_cat-trang-suc-bac-dong-hang-tre-em","18":"product_cat-trang-suc-bac-dong-hang-nam","19":"product_cat-lac-chan","20":"product_cat-trang-suc-tre-em","21":"product_cat-net-ngoc-a-dong","22":"product_cat-trang-suc-bac","23":"product_cat-nam","24":"product_cat-trang-suc","25":"product_cat-dong-hang-nam","26":"product_cat-lac-chan-trang-suc-tre-em","27":"product_cat-nhan-trang-suc-nam","28":"product_cat-trang-suc-kim-cuong-dong-hang-nam","29":"product_cat-bong-tai","30":"product_cat-tinh-yeu-vinh-hang","31":"product_cat-trang-suc-kim-cuong","32":"product_cat-tre-em","33":"product_cat-bong-tai-trang-suc-tre-em","34":"product_cat-mat-day-chuyen","35":"product_cat-da-khuc-kim-cuong","36":"product_cat-day-chuyen-trang-suc-tre-em","37":"product_cat-vang-tich-tru","38":"product_cat-anh-kim-vinh-cuu","39":"product_cat-vong-tay-trang-suc-tre-em","40":"product_cat-bac-tich-tru","41":"product_cat-day-chuyen","42":"product_cat-qua-tang-tinh-te","43":"product_cat-hang-qua-tang","44":"product_cat-khuyen-mai","45":"product_cat-bo-suu-tap","47":"first","48":"instock","49":"shipping-taxable","50":"purchasable","51":"product-type-simple"},"yoast_head":"<!-- This site is optimized with the Yoast SEO Premium plugin v24.8 (Yoast SEO v24.8) - https:\/\/yoast.com\/wordpress\/plugins\/seo\/ -->\n<title>D\u00e2y chuy\u1ec1n v\u00e0ng tr\u1eafng \u0111\u00ednh \u0111\u00e1 003 - Trang S\u1ee9c V\u00e0ng B\u1ea1c R\u1ea1ch D\u1eeba<\/title>\n<meta name=\"robots\" content=\"index, follow, max-snippet:-1, max-image-preview:large, max-video-preview:-1\" \/>\n<link rel=\"canonical\" href=\"https:\/\/vangbacrachdua.com\/en\/product\/day-chuyen-vang-trang-dinh-da-003\/\" \/>\n<meta property=\"og:locale\" content=\"en_US\" \/>\n<meta property=\"og:type\" content=\"article\" \/>\n<meta property=\"og:title\" content=\"D\u00e2y chuy\u1ec1n v\u00e0ng tr\u1eafng \u0111\u00ednh \u0111\u00e1 003\" \/>\n<meta property=\"og:url\" content=\"https:\/\/vangbacrachdua.com\/en\/product\/day-chuyen-vang-trang-dinh-da-003\/\" \/>\n<meta property=\"og:site_name\" content=\"Trang S\u1ee9c V\u00e0ng B\u1ea1c R\u1ea1ch D\u1eeba\" \/>\n<meta property=\"article:modified_time\" content=\"2026-04-17T05:48:54+00:00\" \/>\n<meta property=\"og:image\" content=\"http:\/\/vangbacrachdua.com\/wp-content\/uploads\/2026\/04\/san-pham-1.jpg\" \/>\n\t<meta property=\"og:image:width\" content=\"1080\" \/>\n\t<meta property=\"og:image:height\" content=\"1080\" \/>\n\t<meta property=\"og:image:type\" content=\"image\/jpeg\" \/>\n<meta name=\"twitter:card\" content=\"summary_large_image\" \/>\n<meta name=\"twitter:label1\" content=\"Est. reading time\" \/>\n\t<meta name=\"twitter:data1\" content=\"1 minute\" \/>\n<script type=\"application\/ld+json\" class=\"yoast-schema-graph\">{\"@context\":\"https:\/\/schema.org\",\"@graph\":[{\"@type\":\"WebPage\",\"@id\":\"https:\/\/vangbacrachdua.com\/san-pham\/day-chuyen-vang-trang-dinh-da-003\/\",\"url\":\"https:\/\/vangbacrachdua.com\/san-pham\/day-chuyen-vang-trang-dinh-da-003\/\",\"name\":\"D\u00e2y chuy\u1ec1n v\u00e0ng tr\u1eafng \u0111\u00ednh \u0111\u00e1 003 - Trang S\u1ee9c V\u00e0ng B\u1ea1c R\u1ea1ch D\u1eeba\",\"isPartOf\":{\"@id\":\"https:\/\/vangbacrachdua.com\/#website\"},\"primaryImageOfPage\":{\"@id\":\"https:\/\/vangbacrachdua.com\/san-pham\/day-chuyen-vang-trang-dinh-da-003\/#primaryimage\"},\"image\":{\"@id\":\"https:\/\/vangbacrachdua.com\/san-pham\/day-chuyen-vang-trang-dinh-da-003\/#primaryimage\"},\"thumbnailUrl\":\"https:\/\/vangbacrachdua.com\/wp-content\/uploads\/2026\/04\/san-pham-1.jpg\",\"datePublished\":\"2026-04-03T03:13:59+00:00\",\"dateModified\":\"2026-04-17T05:48:54+00:00\",\"breadcrumb\":{\"@id\":\"https:\/\/vangbacrachdua.com\/san-pham\/day-chuyen-vang-trang-dinh-da-003\/#breadcrumb\"},\"inLanguage\":\"en-US\",\"potentialAction\":[{\"@type\":\"ReadAction\",\"target\":[\"https:\/\/vangbacrachdua.com\/san-pham\/day-chuyen-vang-trang-dinh-da-003\/\"]}]},{\"@type\":\"ImageObject\",\"inLanguage\":\"en-US\",\"@id\":\"https:\/\/vangbacrachdua.com\/san-pham\/day-chuyen-vang-trang-dinh-da-003\/#primaryimage\",\"url\":\"https:\/\/vangbacrachdua.com\/wp-content\/uploads\/2026\/04\/san-pham-1.jpg\",\"contentUrl\":\"https:\/\/vangbacrachdua.com\/wp-content\/uploads\/2026\/04\/san-pham-1.jpg\",\"width\":1080,\"height\":1080},{\"@type\":\"BreadcrumbList\",\"@id\":\"https:\/\/vangbacrachdua.com\/san-pham\/day-chuyen-vang-trang-dinh-da-003\/#breadcrumb\",\"itemListElement\":[{\"@type\":\"ListItem\",\"position\":1,\"name\":\"Home\",\"item\":\"https:\/\/vangbacrachdua.com\/\"},{\"@type\":\"ListItem\",\"position\":2,\"name\":\"C\u1eeda h\u00e0ng\",\"item\":\"https:\/\/vangbacrachdua.com\/cua-hang\/\"},{\"@type\":\"ListItem\",\"position\":3,\"name\":\"D\u00e2y chuy\u1ec1n v\u00e0ng tr\u1eafng \u0111\u00ednh \u0111\u00e1 003\"}]},{\"@type\":\"WebSite\",\"@id\":\"https:\/\/vangbacrachdua.com\/#website\",\"url\":\"https:\/\/vangbacrachdua.com\/\",\"name\":\"Trang S\u1ee9c V\u00e0ng B\u1ea1c R\u1ea1ch D\u1eeba\",\"description\":\"\",\"publisher\":{\"@id\":\"https:\/\/vangbacrachdua.com\/#organization\"},\"potentialAction\":[{\"@type\":\"SearchAction\",\"target\":{\"@type\":\"EntryPoint\",\"urlTemplate\":\"https:\/\/vangbacrachdua.com\/?s={search_term_string}\"},\"query-input\":{\"@type\":\"PropertyValueSpecification\",\"valueRequired\":true,\"valueName\":\"search_term_string\"}}],\"inLanguage\":\"en-US\"},{\"@type\":\"Organization\",\"@id\":\"https:\/\/vangbacrachdua.com\/#organization\",\"name\":\"Trang S\u1ee9c V\u00e0ng B\u1ea1c R\u1ea1ch D\u1eeba\",\"url\":\"https:\/\/vangbacrachdua.com\/\",\"logo\":{\"@type\":\"ImageObject\",\"inLanguage\":\"en-US\",\"@id\":\"https:\/\/vangbacrachdua.com\/#\/schema\/logo\/image\/\",\"url\":\"https:\/\/vangbacrachdua.com\/wp-content\/uploads\/2026\/04\/logo-vangbac-khong-nen.png\",\"contentUrl\":\"https:\/\/vangbacrachdua.com\/wp-content\/uploads\/2026\/04\/logo-vangbac-khong-nen.png\",\"width\":960,\"height\":740,\"caption\":\"Trang S\u1ee9c V\u00e0ng B\u1ea1c R\u1ea1ch D\u1eeba\"},\"image\":{\"@id\":\"https:\/\/vangbacrachdua.com\/#\/schema\/logo\/image\/\"}}]}<\/script>\n<!-- \/ Yoast SEO Premium plugin. -->","yoast_head_json":{"title":"D\u00e2y chuy\u1ec1n v\u00e0ng tr\u1eafng \u0111\u00ednh \u0111\u00e1 003 - Trang S\u1ee9c V\u00e0ng B\u1ea1c R\u1ea1ch D\u1eeba","robots":{"index":"index","follow":"follow","max-snippet":"max-snippet:-1","max-image-preview":"max-image-preview:large","max-video-preview":"max-video-preview:-1"},"canonical":"https:\/\/vangbacrachdua.com\/en\/product\/day-chuyen-vang-trang-dinh-da-003\/","og_locale":"en_US","og_type":"article","og_title":"D\u00e2y chuy\u1ec1n v\u00e0ng tr\u1eafng \u0111\u00ednh \u0111\u00e1 003","og_url":"https:\/\/vangbacrachdua.com\/en\/product\/day-chuyen-vang-trang-dinh-da-003\/","og_site_name":"Trang S\u1ee9c V\u00e0ng B\u1ea1c R\u1ea1ch D\u1eeba","article_modified_time":"2026-04-17T05:48:54+00:00","og_image":[{"width":1080,"height":1080,"url":"http:\/\/vangbacrachdua.com\/wp-content\/uploads\/2026\/04\/san-pham-1.jpg","type":"image\/jpeg"}],"twitter_card":"summary_large_image","twitter_misc":{"Est. reading time":"1 minute"},"schema":{"@context":"https:\/\/schema.org","@graph":[{"@type":"WebPage","@id":"https:\/\/vangbacrachdua.com\/san-pham\/day-chuyen-vang-trang-dinh-da-003\/","url":"https:\/\/vangbacrachdua.com\/san-pham\/day-chuyen-vang-trang-dinh-da-003\/","name":"D\u00e2y chuy\u1ec1n v\u00e0ng tr\u1eafng \u0111\u00ednh \u0111\u00e1 003 - Trang S\u1ee9c V\u00e0ng B\u1ea1c R\u1ea1ch D\u1eeba","isPartOf":{"@id":"https:\/\/vangbacrachdua.com\/#website"},"primaryImageOfPage":{"@id":"https:\/\/vangbacrachdua.com\/san-pham\/day-chuyen-vang-trang-dinh-da-003\/#primaryimage"},"image":{"@id":"https:\/\/vangbacrachdua.com\/san-pham\/day-chuyen-vang-trang-dinh-da-003\/#primaryimage"},"thumbnailUrl":"https:\/\/vangbacrachdua.com\/wp-content\/uploads\/2026\/04\/san-pham-1.jpg","datePublished":"2026-04-03T03:13:59+00:00","dateModified":"2026-04-17T05:48:54+00:00","breadcrumb":{"@id":"https:\/\/vangbacrachdua.com\/san-pham\/day-chuyen-vang-trang-dinh-da-003\/#breadcrumb"},"inLanguage":"en-US","potentialAction":[{"@type":"ReadAction","target":["https:\/\/vangbacrachdua.com\/san-pham\/day-chuyen-vang-trang-dinh-da-003\/"]}]},{"@type":"ImageObject","inLanguage":"en-US","@id":"https:\/\/vangbacrachdua.com\/san-pham\/day-chuyen-vang-trang-dinh-da-003\/#primaryimage","url":"https:\/\/vangbacrachdua.com\/wp-content\/uploads\/2026\/04\/san-pham-1.jpg","contentUrl":"https:\/\/vangbacrachdua.com\/wp-content\/uploads\/2026\/04\/san-pham-1.jpg","width":1080,"height":1080},{"@type":"BreadcrumbList","@id":"https:\/\/vangbacrachdua.com\/san-pham\/day-chuyen-vang-trang-dinh-da-003\/#breadcrumb","itemListElement":[{"@type":"ListItem","position":1,"name":"Home","item":"https:\/\/vangbacrachdua.com\/"},{"@type":"ListItem","position":2,"name":"C\u1eeda h\u00e0ng","item":"https:\/\/vangbacrachdua.com\/cua-hang\/"},{"@type":"ListItem","position":3,"name":"D\u00e2y chuy\u1ec1n v\u00e0ng tr\u1eafng \u0111\u00ednh \u0111\u00e1 003"}]},{"@type":"WebSite","@id":"https:\/\/vangbacrachdua.com\/#website","url":"https:\/\/vangbacrachdua.com\/","name":"Trang S\u1ee9c V\u00e0ng B\u1ea1c R\u1ea1ch D\u1eeba","description":"","publisher":{"@id":"https:\/\/vangbacrachdua.com\/#organization"},"potentialAction":[{"@type":"SearchAction","target":{"@type":"EntryPoint","urlTemplate":"https:\/\/vangbacrachdua.com\/?s={search_term_string}"},"query-input":{"@type":"PropertyValueSpecification","valueRequired":true,"valueName":"search_term_string"}}],"inLanguage":"en-US"},{"@type":"Organization","@id":"https:\/\/vangbacrachdua.com\/#organization","name":"Trang S\u1ee9c V\u00e0ng B\u1ea1c R\u1ea1ch D\u1eeba","url":"https:\/\/vangbacrachdua.com\/","logo":{"@type":"ImageObject","inLanguage":"en-US","@id":"https:\/\/vangbacrachdua.com\/#\/schema\/logo\/image\/","url":"https:\/\/vangbacrachdua.com\/wp-content\/uploads\/2026\/04\/logo-vangbac-khong-nen.png","contentUrl":"https:\/\/vangbacrachdua.com\/wp-content\/uploads\/2026\/04\/logo-vangbac-khong-nen.png","width":960,"height":740,"caption":"Trang S\u1ee9c V\u00e0ng B\u1ea1c R\u1ea1ch D\u1eeba"},"image":{"@id":"https:\/\/vangbacrachdua.com\/#\/schema\/logo\/image\/"}}]}},"_links":{"self":[{"href":"https:\/\/vangbacrachdua.com\/en\/wp-json\/wp\/v2\/product\/31","targetHints":{"allow":["GET"]}}],"collection":[{"href":"https:\/\/vangbacrachdua.com\/en\/wp-json\/wp\/v2\/product"}],"about":[{"href":"https:\/\/vangbacrachdua.com\/en\/wp-json\/wp\/v2\/types\/product"}],"wp:featuredmedia":[{"embeddable":true,"href":"https:\/\/vangbacrachdua.com\/en\/wp-json\/wp\/v2\/media\/28"}],"wp:attachment":[{"href":"https:\/\/vangbacrachdua.com\/en\/wp-json\/wp\/v2\/media?parent=31"}],"wp:term":[{"taxonomy":"product_brand","embeddable":true,"href":"https:\/\/vangbacrachdua.com\/en\/wp-json\/wp\/v2\/product_brand?post=31"},{"taxonomy":"product_cat","embeddable":true,"href":"https:\/\/vangbacrachdua.com\/en\/wp-json\/wp\/v2\/product_cat?post=31"},{"taxonomy":"product_tag","embeddable":true,"href":"https:\/\/vangbacrachdua.com\/en\/wp-json\/wp\/v2\/product_tag?post=31"}],"curies":[{"name":"wp","href":"https:\/\/api.w.org\/{rel}","templated":true}]}}