{"id":29,"date":"2026-04-03T10:11:41","date_gmt":"2026-04-03T03:11:41","guid":{"rendered":"https:\/\/vangbacrachdua.123websitedev.com\/?post_type=product&#038;p=29"},"modified":"2026-04-23T15:12:45","modified_gmt":"2026-04-23T08:12:45","slug":"day-chuyen-vang-trang-dinh-da-001","status":"publish","type":"product","link":"https:\/\/vangbacrachdua.com\/en\/product\/white-gold-necklace-with-gemstone-001\/","title":{"rendered":"White gold necklace with gemstones 001"},"content":{"rendered":"<p><strong>A Symbol of Luxury and Sophistication<\/strong><p>Crafted from 10K white gold (41.6% pure gold) to high-end jewelry standards, this ring is the perfect fusion of masterful craftsmanship and modern aesthetic sensibility. The radiant luster of polished white gold achieves absolute reflectivity, celebrating the elegance of the elite.<\/p><p><strong>Product Specifications<\/strong><\/p><ul>\n<li><strong>Material:<\/strong> High-quality imported 10K white gold (41.6% Au).<\/li>\n<li><strong>Rhinestones:<\/strong> Pure gemstones with sharp cuts create a brilliant, multi-dimensional light dispersion effect.<\/li>\n<li><strong>Style:<\/strong> Elegant and sophisticated, perfect for high-society parties and important business meetings.<\/li>\n<li><strong>Technique:<\/strong> Meticulously crafted under a microscope, ensuring perfect finish down to the millimeter.<\/li>\n<\/ul><p>Every detail on the ring is meticulously crafted by our team of artisans, taking dozens of hours to perfect. This ensures it&#039;s not just an accessory, but also a personal legacy, affirming the owner&#039;s status and distinctive aesthetic taste.<\/p><footer>The product comes with a luxurious velvet box and a certificate of authenticity for the gold content.<\/footer><\/p>","protected":false},"excerpt":{"rendered":"<p>Bi&#7875;u T&#432;&#7907;ng C&#7911;a S&#7921; Sang Tr&#7885;ng V&agrave; Tinh T&#7871;&#272;&#432;&#7907;c ch&#7871; t&aacute;c t&#7915; ch&#7845;t li&#7879;u v&agrave;ng tr&#7855;ng 10K (t&#7927; l&#7879; 41.6% v&agrave;ng nguy&ecirc;n ch&#7845;t) theo ti&ecirc;u chu&#7849;n trang s&#7913;c cao c&#7845;p, chi&#7871;c nh&#7851;n l&agrave; s&#7921; giao thoa ho&agrave;n h&#7843;o gi&#7919;a k&#7929; ngh&#7879; th&#7911; c&ocirc;ng b&#7853;c th&#7847;y v&agrave; t&#432; duy th&#7849;m m&#7929; hi&#7879;n &#273;&#7841;i. &Aacute;nh kim r&#7841;ng [&hellip;]<\/p>","protected":false},"featured_media":28,"template":"","meta":[],"product_brand":[67,68],"product_cat":[28,17,27,54,20,26,53,25,24],"product_tag":[],"class_list":{"0":"post-29","1":"product","2":"type-product","3":"status-publish","4":"has-post-thumbnail","6":"product_brand-pjp","7":"product_brand-phu-quy","8":"product_cat-lac-tay","9":"product_cat-nu","10":"product_cat-lac-chan","11":"product_cat-trang-suc-bac-dong-hang-nam","12":"product_cat-trang-suc","13":"product_cat-bong-tai","14":"product_cat-trang-suc-kim-cuong-dong-hang-nam","15":"product_cat-mat-day-chuyen","16":"product_cat-day-chuyen","18":"first","19":"instock","20":"shipping-taxable","21":"purchasable","22":"product-type-simple"},"yoast_head":"<!-- This site is optimized with the Yoast SEO Premium plugin v24.8 (Yoast SEO v24.8) - https:\/\/yoast.com\/wordpress\/plugins\/seo\/ -->\n<title>D\u00e2y chuy\u1ec1n v\u00e0ng tr\u1eafng \u0111\u00ednh \u0111\u00e1 001 - Trang S\u1ee9c V\u00e0ng B\u1ea1c R\u1ea1ch D\u1eeba<\/title>\n<meta name=\"robots\" content=\"index, follow, max-snippet:-1, max-image-preview:large, max-video-preview:-1\" \/>\n<link rel=\"canonical\" href=\"https:\/\/vangbacrachdua.com\/en\/product\/white-gold-necklace-with-gemstone-001\/\" \/>\n<meta property=\"og:locale\" content=\"en_US\" \/>\n<meta property=\"og:type\" content=\"article\" \/>\n<meta property=\"og:title\" content=\"D\u00e2y chuy\u1ec1n v\u00e0ng tr\u1eafng \u0111\u00ednh \u0111\u00e1 001\" \/>\n<meta property=\"og:description\" content=\"Bi&#7875;u T&#432;&#7907;ng C&#7911;a S&#7921; Sang Tr&#7885;ng V&agrave; Tinh T&#7871;&#272;&#432;&#7907;c ch&#7871; t&aacute;c t&#7915; ch&#7845;t li&#7879;u v&agrave;ng tr&#7855;ng 10K (t&#7927; l&#7879; 41.6% v&agrave;ng nguy&ecirc;n ch&#7845;t) theo ti&ecirc;u chu&#7849;n trang s&#7913;c cao c&#7845;p, chi&#7871;c nh&#7851;n l&agrave; s&#7921; giao thoa ho&agrave;n h&#7843;o gi&#7919;a k&#7929; ngh&#7879; th&#7911; c&ocirc;ng b&#7853;c th&#7847;y v&agrave; t&#432; duy th&#7849;m m&#7929; hi&#7879;n &#273;&#7841;i. &Aacute;nh kim r&#7841;ng [&hellip;]\" \/>\n<meta property=\"og:url\" content=\"https:\/\/vangbacrachdua.com\/en\/product\/white-gold-necklace-with-gemstone-001\/\" \/>\n<meta property=\"og:site_name\" content=\"Trang S\u1ee9c V\u00e0ng B\u1ea1c R\u1ea1ch D\u1eeba\" \/>\n<meta property=\"article:modified_time\" content=\"2026-04-23T08:12:45+00:00\" \/>\n<meta property=\"og:image\" content=\"http:\/\/vangbacrachdua.com\/wp-content\/uploads\/2026\/04\/san-pham-1.jpg\" \/>\n\t<meta property=\"og:image:width\" content=\"1080\" \/>\n\t<meta property=\"og:image:height\" content=\"1080\" \/>\n\t<meta property=\"og:image:type\" content=\"image\/jpeg\" \/>\n<meta name=\"twitter:card\" content=\"summary_large_image\" \/>\n<meta name=\"twitter:label1\" content=\"Est. reading time\" \/>\n\t<meta name=\"twitter:data1\" content=\"2 minutes\" \/>\n<script type=\"application\/ld+json\" class=\"yoast-schema-graph\">{\"@context\":\"https:\/\/schema.org\",\"@graph\":[{\"@type\":\"WebPage\",\"@id\":\"https:\/\/vangbacrachdua.com\/san-pham\/day-chuyen-vang-trang-dinh-da-001\/\",\"url\":\"https:\/\/vangbacrachdua.com\/san-pham\/day-chuyen-vang-trang-dinh-da-001\/\",\"name\":\"D\u00e2y chuy\u1ec1n v\u00e0ng tr\u1eafng \u0111\u00ednh \u0111\u00e1 001 - Trang S\u1ee9c V\u00e0ng B\u1ea1c R\u1ea1ch D\u1eeba\",\"isPartOf\":{\"@id\":\"https:\/\/vangbacrachdua.com\/#website\"},\"primaryImageOfPage\":{\"@id\":\"https:\/\/vangbacrachdua.com\/san-pham\/day-chuyen-vang-trang-dinh-da-001\/#primaryimage\"},\"image\":{\"@id\":\"https:\/\/vangbacrachdua.com\/san-pham\/day-chuyen-vang-trang-dinh-da-001\/#primaryimage\"},\"thumbnailUrl\":\"https:\/\/vangbacrachdua.com\/wp-content\/uploads\/2026\/04\/san-pham-1.jpg\",\"datePublished\":\"2026-04-03T03:11:41+00:00\",\"dateModified\":\"2026-04-23T08:12:45+00:00\",\"breadcrumb\":{\"@id\":\"https:\/\/vangbacrachdua.com\/san-pham\/day-chuyen-vang-trang-dinh-da-001\/#breadcrumb\"},\"inLanguage\":\"en-US\",\"potentialAction\":[{\"@type\":\"ReadAction\",\"target\":[\"https:\/\/vangbacrachdua.com\/san-pham\/day-chuyen-vang-trang-dinh-da-001\/\"]}]},{\"@type\":\"ImageObject\",\"inLanguage\":\"en-US\",\"@id\":\"https:\/\/vangbacrachdua.com\/san-pham\/day-chuyen-vang-trang-dinh-da-001\/#primaryimage\",\"url\":\"https:\/\/vangbacrachdua.com\/wp-content\/uploads\/2026\/04\/san-pham-1.jpg\",\"contentUrl\":\"https:\/\/vangbacrachdua.com\/wp-content\/uploads\/2026\/04\/san-pham-1.jpg\",\"width\":1080,\"height\":1080},{\"@type\":\"BreadcrumbList\",\"@id\":\"https:\/\/vangbacrachdua.com\/san-pham\/day-chuyen-vang-trang-dinh-da-001\/#breadcrumb\",\"itemListElement\":[{\"@type\":\"ListItem\",\"position\":1,\"name\":\"Home\",\"item\":\"https:\/\/vangbacrachdua.com\/\"},{\"@type\":\"ListItem\",\"position\":2,\"name\":\"C\u1eeda h\u00e0ng\",\"item\":\"https:\/\/vangbacrachdua.com\/cua-hang\/\"},{\"@type\":\"ListItem\",\"position\":3,\"name\":\"D\u00e2y chuy\u1ec1n v\u00e0ng tr\u1eafng \u0111\u00ednh \u0111\u00e1 001\"}]},{\"@type\":\"WebSite\",\"@id\":\"https:\/\/vangbacrachdua.com\/#website\",\"url\":\"https:\/\/vangbacrachdua.com\/\",\"name\":\"Trang S\u1ee9c V\u00e0ng B\u1ea1c R\u1ea1ch D\u1eeba\",\"description\":\"\",\"publisher\":{\"@id\":\"https:\/\/vangbacrachdua.com\/#organization\"},\"potentialAction\":[{\"@type\":\"SearchAction\",\"target\":{\"@type\":\"EntryPoint\",\"urlTemplate\":\"https:\/\/vangbacrachdua.com\/?s={search_term_string}\"},\"query-input\":{\"@type\":\"PropertyValueSpecification\",\"valueRequired\":true,\"valueName\":\"search_term_string\"}}],\"inLanguage\":\"en-US\"},{\"@type\":\"Organization\",\"@id\":\"https:\/\/vangbacrachdua.com\/#organization\",\"name\":\"Trang S\u1ee9c V\u00e0ng B\u1ea1c R\u1ea1ch D\u1eeba\",\"url\":\"https:\/\/vangbacrachdua.com\/\",\"logo\":{\"@type\":\"ImageObject\",\"inLanguage\":\"en-US\",\"@id\":\"https:\/\/vangbacrachdua.com\/#\/schema\/logo\/image\/\",\"url\":\"https:\/\/vangbacrachdua.com\/wp-content\/uploads\/2026\/04\/logo-vangbac-khong-nen.png\",\"contentUrl\":\"https:\/\/vangbacrachdua.com\/wp-content\/uploads\/2026\/04\/logo-vangbac-khong-nen.png\",\"width\":960,\"height\":740,\"caption\":\"Trang S\u1ee9c V\u00e0ng B\u1ea1c R\u1ea1ch D\u1eeba\"},\"image\":{\"@id\":\"https:\/\/vangbacrachdua.com\/#\/schema\/logo\/image\/\"}}]}<\/script>\n<!-- \/ Yoast SEO Premium plugin. -->","yoast_head_json":{"title":"D\u00e2y chuy\u1ec1n v\u00e0ng tr\u1eafng \u0111\u00ednh \u0111\u00e1 001 - Trang S\u1ee9c V\u00e0ng B\u1ea1c R\u1ea1ch D\u1eeba","robots":{"index":"index","follow":"follow","max-snippet":"max-snippet:-1","max-image-preview":"max-image-preview:large","max-video-preview":"max-video-preview:-1"},"canonical":"https:\/\/vangbacrachdua.com\/en\/product\/white-gold-necklace-with-gemstone-001\/","og_locale":"en_US","og_type":"article","og_title":"D\u00e2y chuy\u1ec1n v\u00e0ng tr\u1eafng \u0111\u00ednh \u0111\u00e1 001","og_description":"Bi&#7875;u T&#432;&#7907;ng C&#7911;a S&#7921; Sang Tr&#7885;ng V&agrave; Tinh T&#7871;&#272;&#432;&#7907;c ch&#7871; t&aacute;c t&#7915; ch&#7845;t li&#7879;u v&agrave;ng tr&#7855;ng 10K (t&#7927; l&#7879; 41.6% v&agrave;ng nguy&ecirc;n ch&#7845;t) theo ti&ecirc;u chu&#7849;n trang s&#7913;c cao c&#7845;p, chi&#7871;c nh&#7851;n l&agrave; s&#7921; giao thoa ho&agrave;n h&#7843;o gi&#7919;a k&#7929; ngh&#7879; th&#7911; c&ocirc;ng b&#7853;c th&#7847;y v&agrave; t&#432; duy th&#7849;m m&#7929; hi&#7879;n &#273;&#7841;i. &Aacute;nh kim r&#7841;ng [&hellip;]","og_url":"https:\/\/vangbacrachdua.com\/en\/product\/white-gold-necklace-with-gemstone-001\/","og_site_name":"Trang S\u1ee9c V\u00e0ng B\u1ea1c R\u1ea1ch D\u1eeba","article_modified_time":"2026-04-23T08:12:45+00:00","og_image":[{"width":1080,"height":1080,"url":"http:\/\/vangbacrachdua.com\/wp-content\/uploads\/2026\/04\/san-pham-1.jpg","type":"image\/jpeg"}],"twitter_card":"summary_large_image","twitter_misc":{"Est. reading time":"2 minutes"},"schema":{"@context":"https:\/\/schema.org","@graph":[{"@type":"WebPage","@id":"https:\/\/vangbacrachdua.com\/san-pham\/day-chuyen-vang-trang-dinh-da-001\/","url":"https:\/\/vangbacrachdua.com\/san-pham\/day-chuyen-vang-trang-dinh-da-001\/","name":"D\u00e2y chuy\u1ec1n v\u00e0ng tr\u1eafng \u0111\u00ednh \u0111\u00e1 001 - Trang S\u1ee9c V\u00e0ng B\u1ea1c R\u1ea1ch D\u1eeba","isPartOf":{"@id":"https:\/\/vangbacrachdua.com\/#website"},"primaryImageOfPage":{"@id":"https:\/\/vangbacrachdua.com\/san-pham\/day-chuyen-vang-trang-dinh-da-001\/#primaryimage"},"image":{"@id":"https:\/\/vangbacrachdua.com\/san-pham\/day-chuyen-vang-trang-dinh-da-001\/#primaryimage"},"thumbnailUrl":"https:\/\/vangbacrachdua.com\/wp-content\/uploads\/2026\/04\/san-pham-1.jpg","datePublished":"2026-04-03T03:11:41+00:00","dateModified":"2026-04-23T08:12:45+00:00","breadcrumb":{"@id":"https:\/\/vangbacrachdua.com\/san-pham\/day-chuyen-vang-trang-dinh-da-001\/#breadcrumb"},"inLanguage":"en-US","potentialAction":[{"@type":"ReadAction","target":["https:\/\/vangbacrachdua.com\/san-pham\/day-chuyen-vang-trang-dinh-da-001\/"]}]},{"@type":"ImageObject","inLanguage":"en-US","@id":"https:\/\/vangbacrachdua.com\/san-pham\/day-chuyen-vang-trang-dinh-da-001\/#primaryimage","url":"https:\/\/vangbacrachdua.com\/wp-content\/uploads\/2026\/04\/san-pham-1.jpg","contentUrl":"https:\/\/vangbacrachdua.com\/wp-content\/uploads\/2026\/04\/san-pham-1.jpg","width":1080,"height":1080},{"@type":"BreadcrumbList","@id":"https:\/\/vangbacrachdua.com\/san-pham\/day-chuyen-vang-trang-dinh-da-001\/#breadcrumb","itemListElement":[{"@type":"ListItem","position":1,"name":"Home","item":"https:\/\/vangbacrachdua.com\/"},{"@type":"ListItem","position":2,"name":"C\u1eeda h\u00e0ng","item":"https:\/\/vangbacrachdua.com\/cua-hang\/"},{"@type":"ListItem","position":3,"name":"D\u00e2y chuy\u1ec1n v\u00e0ng tr\u1eafng \u0111\u00ednh \u0111\u00e1 001"}]},{"@type":"WebSite","@id":"https:\/\/vangbacrachdua.com\/#website","url":"https:\/\/vangbacrachdua.com\/","name":"Trang S\u1ee9c V\u00e0ng B\u1ea1c R\u1ea1ch D\u1eeba","description":"","publisher":{"@id":"https:\/\/vangbacrachdua.com\/#organization"},"potentialAction":[{"@type":"SearchAction","target":{"@type":"EntryPoint","urlTemplate":"https:\/\/vangbacrachdua.com\/?s={search_term_string}"},"query-input":{"@type":"PropertyValueSpecification","valueRequired":true,"valueName":"search_term_string"}}],"inLanguage":"en-US"},{"@type":"Organization","@id":"https:\/\/vangbacrachdua.com\/#organization","name":"Trang S\u1ee9c V\u00e0ng B\u1ea1c R\u1ea1ch D\u1eeba","url":"https:\/\/vangbacrachdua.com\/","logo":{"@type":"ImageObject","inLanguage":"en-US","@id":"https:\/\/vangbacrachdua.com\/#\/schema\/logo\/image\/","url":"https:\/\/vangbacrachdua.com\/wp-content\/uploads\/2026\/04\/logo-vangbac-khong-nen.png","contentUrl":"https:\/\/vangbacrachdua.com\/wp-content\/uploads\/2026\/04\/logo-vangbac-khong-nen.png","width":960,"height":740,"caption":"Trang S\u1ee9c V\u00e0ng B\u1ea1c R\u1ea1ch D\u1eeba"},"image":{"@id":"https:\/\/vangbacrachdua.com\/#\/schema\/logo\/image\/"}}]}},"_links":{"self":[{"href":"https:\/\/vangbacrachdua.com\/en\/wp-json\/wp\/v2\/product\/29","targetHints":{"allow":["GET"]}}],"collection":[{"href":"https:\/\/vangbacrachdua.com\/en\/wp-json\/wp\/v2\/product"}],"about":[{"href":"https:\/\/vangbacrachdua.com\/en\/wp-json\/wp\/v2\/types\/product"}],"wp:featuredmedia":[{"embeddable":true,"href":"https:\/\/vangbacrachdua.com\/en\/wp-json\/wp\/v2\/media\/28"}],"wp:attachment":[{"href":"https:\/\/vangbacrachdua.com\/en\/wp-json\/wp\/v2\/media?parent=29"}],"wp:term":[{"taxonomy":"product_brand","embeddable":true,"href":"https:\/\/vangbacrachdua.com\/en\/wp-json\/wp\/v2\/product_brand?post=29"},{"taxonomy":"product_cat","embeddable":true,"href":"https:\/\/vangbacrachdua.com\/en\/wp-json\/wp\/v2\/product_cat?post=29"},{"taxonomy":"product_tag","embeddable":true,"href":"https:\/\/vangbacrachdua.com\/en\/wp-json\/wp\/v2\/product_tag?post=29"}],"curies":[{"name":"wp","href":"https:\/\/api.w.org\/{rel}","templated":true}]}}